{"id":9249,"date":"2026-03-09T20:04:29","date_gmt":"2026-03-09T20:04:29","guid":{"rendered":"https:\/\/fapor.slideshow.com.pt\/?page_id=9249"},"modified":"2026-03-09T20:13:46","modified_gmt":"2026-03-09T20:13:46","slug":"politica-da-qualidade","status":"publish","type":"page","link":"https:\/\/fapor.slideshow.com.pt\/index.php\/politica-da-qualidade\/","title":{"rendered":"A POL\u00cdTICA DA QUALIDADE"},"content":{"rendered":"\t\t<div data-elementor-type=\"wp-page\" data-elementor-id=\"9249\" class=\"elementor elementor-9249\">\n\t\t\t\t<div class=\"elementor-element elementor-element-6c62d2c e-flex e-con-boxed e-con e-parent\" data-id=\"6c62d2c\" data-element_type=\"container\" data-e-type=\"container\">\n\t\t\t\t\t<div class=\"e-con-inner\">\n\t\t\t\t<div class=\"elementor-element elementor-element-e709c14 elementor-widget elementor-widget-qi_addons_for_elementor_section_title\" data-id=\"e709c14\" data-element_type=\"widget\" data-e-type=\"widget\" data-widget_type=\"qi_addons_for_elementor_section_title.default\">\n\t\t\t\t<div class=\"elementor-widget-container\">\n\t\t\t\t\t<div class=\"qodef-shortcode qodef-m qodef-qi-section-title qodef-decoration--italic qodef-link--underline-draw qodef-subtitle-icon--left\">\n\t\t\t\t\t\t\t\t<div class=\"qodef-m-text\"><p>A Pol\u00edtica da Qualidade da FAPOR representa o comprometimento da Administra\u00e7\u00e3o da organiza\u00e7\u00e3o para com o Sistema de Gest\u00e3o da Qualidade implementado e assenta nos seguintes princ\u00edpios:<br \/>\u2013 Aumentar continuamente o grau de satisfa\u00e7\u00e3o dos seus clientes atrav\u00e9s do fornecimento de produtos, tendo em conta a total satisfa\u00e7\u00e3o das suas necessidades e indo ao encontro das suas expectativas;<br \/>\u2013 Envolver todos os seus colaboradores no compromisso para com a melhoria cont\u00ednua, atrav\u00e9s de forma\u00e7\u00e3o adequada e do reconhecimento do seu desempenho;<\/p><\/div>\n\t<\/div>\n\t\t\t\t<\/div>\n\t\t\t\t<\/div>\n\t\t\t\t<div class=\"elementor-element elementor-element-2bc747b elementor-widget elementor-widget-qi_addons_for_elementor_section_title\" data-id=\"2bc747b\" data-element_type=\"widget\" data-e-type=\"widget\" data-widget_type=\"qi_addons_for_elementor_section_title.default\">\n\t\t\t\t<div class=\"elementor-widget-container\">\n\t\t\t\t\t<div class=\"qodef-shortcode qodef-m qodef-qi-section-title qodef-decoration--italic qodef-link--underline-draw qodef-subtitle-icon--left\">\n\t\t\t\t\t\t\t\t<div class=\"qodef-m-text\"><p>\u2013 Melhorar continuamente a efic\u00e1cia dos seus processos como forma de reduzir os defeitos dos seus produtos, aumentando a sua rentabilidade atrav\u00e9s do envolvimento de toda a organiza\u00e7\u00e3o e partes interessadas;<br \/>\u2013 Assegurar o cumprimento dos requisitos do Sistema de Gest\u00e3o de Qualidade, os requisitos estatut\u00e1rios, regulamentares e legais aplic\u00e1veis \u00e0 Fapor.<br \/>A FAPOR proceder\u00e1 anualmente, e\/ou sempre que necess\u00e1rio, \u00e0 revis\u00e3o desta pol\u00edtica de forma a garantir que a mesma continua a refletir os objetivos da organiza\u00e7\u00e3o, sendo a mesma disponibilizada a todos os parceiros\/partes interessadas sempre que solicitada.<\/p><\/div>\n\t<\/div>\n\t\t\t\t<\/div>\n\t\t\t\t<\/div>\n\t\t\t\t\t<\/div>\n\t\t\t\t<\/div>\n\t\t\t\t<\/div>\n\t\t","protected":false},"excerpt":{"rendered":"<p>A Pol\u00edtica da Qualidade da FAPOR representa o comprometimento da Administra\u00e7\u00e3o da organiza\u00e7\u00e3o para com o Sistema de Gest\u00e3o da Qualidade implementado e assenta nos seguintes princ\u00edpios:\u2013 Aumentar continuamente o grau de satisfa\u00e7\u00e3o dos seus clientes atrav\u00e9s do fornecimento de produtos, tendo em conta a total satisfa\u00e7\u00e3o das suas necessidades e indo ao encontro das [&hellip;]<\/p>\n","protected":false},"author":1,"featured_media":0,"parent":0,"menu_order":0,"comment_status":"closed","ping_status":"closed","template":"","meta":{"footnotes":""},"class_list":["post-9249","page","type-page","status-publish","hentry"],"_links":{"self":[{"href":"https:\/\/fapor.slideshow.com.pt\/index.php\/wp-json\/wp\/v2\/pages\/9249","targetHints":{"allow":["GET"]}}],"collection":[{"href":"https:\/\/fapor.slideshow.com.pt\/index.php\/wp-json\/wp\/v2\/pages"}],"about":[{"href":"https:\/\/fapor.slideshow.com.pt\/index.php\/wp-json\/wp\/v2\/types\/page"}],"author":[{"embeddable":true,"href":"https:\/\/fapor.slideshow.com.pt\/index.php\/wp-json\/wp\/v2\/users\/1"}],"replies":[{"embeddable":true,"href":"https:\/\/fapor.slideshow.com.pt\/index.php\/wp-json\/wp\/v2\/comments?post=9249"}],"version-history":[{"count":4,"href":"https:\/\/fapor.slideshow.com.pt\/index.php\/wp-json\/wp\/v2\/pages\/9249\/revisions"}],"predecessor-version":[{"id":9254,"href":"https:\/\/fapor.slideshow.com.pt\/index.php\/wp-json\/wp\/v2\/pages\/9249\/revisions\/9254"}],"wp:attachment":[{"href":"https:\/\/fapor.slideshow.com.pt\/index.php\/wp-json\/wp\/v2\/media?parent=9249"}],"curies":[{"name":"wp","href":"https:\/\/api.w.org\/{rel}","templated":true}]}}