{"id":9255,"date":"2026-03-09T20:41:20","date_gmt":"2026-03-09T20:41:20","guid":{"rendered":"https:\/\/fapor.slideshow.com.pt\/?page_id=9255"},"modified":"2026-03-09T20:45:39","modified_gmt":"2026-03-09T20:45:39","slug":"politica-de-protecao-de-dados-2","status":"publish","type":"page","link":"https:\/\/fapor.slideshow.com.pt\/index.php\/politica-de-protecao-de-dados-2\/","title":{"rendered":"POL\u00cdTICA DE PROTE\u00c7\u00c3O DE DADOS"},"content":{"rendered":"\t\t<div data-elementor-type=\"wp-page\" data-elementor-id=\"9255\" class=\"elementor elementor-9255\">\n\t\t\t\t<div class=\"elementor-element elementor-element-1aaf4dc e-flex e-con-boxed e-con e-parent\" data-id=\"1aaf4dc\" data-element_type=\"container\" data-e-type=\"container\">\n\t\t\t\t\t<div class=\"e-con-inner\">\n\t\t\t\t<div class=\"elementor-element elementor-element-75a3b9f elementor-widget elementor-widget-text-editor\" data-id=\"75a3b9f\" data-element_type=\"widget\" data-e-type=\"widget\" data-widget_type=\"text-editor.default\">\n\t\t\t\t\t\t\t\t\t<p><strong>Respons\u00e1vel pelo Tratamento de Dados<\/strong><\/p><p>A\u00a0<strong>FAPOR \u2013 Faian\u00e7as de Portugal<\/strong>, com sede na Zona Industrial da Jardoeira, 2440-474 Batalha, doravante designada por\u00a0<strong>FAPOR<\/strong>, \u00e9 a respons\u00e1vel pelo tratamento dos seus dados pessoais. Comprometemo-nos a processar os seus dados com total transpar\u00eancia e no estrito respeito pela privacidade, direitos, liberdades e garantias fundamentais, assegurando o integral cumprimento da Lei da Prote\u00e7\u00e3o de Dados Pessoais. Para qualquer quest\u00e3o relacionada com a prote\u00e7\u00e3o de dados, poder\u00e1 contactar-nos atrav\u00e9s do telefone (+351 244 769090) ou email (<a href=\"mailto:geral@fapor.pt\">geral@fapor.pt<\/a>) .<\/p><p><strong>Dados Pessoais<\/strong><br \/>A\u00a0<strong>FAPOR<\/strong>\u00a0n\u00e3o recolhe quaisquer dados pessoais sobre si, exceto se optar voluntariamente por fornec\u00ea-los, atrav\u00e9s do preenchimento de registos ou formul\u00e1rios de contacto dispon\u00edveis. Ao enviar os seus dados para a\u00a0<strong>FAPOR<\/strong>, seja ao registar-se ou ao contactar-nos, est\u00e1 a autorizar o processamento dos seus dados pessoais nos termos previstos nesta Pol\u00edtica de Privacidade.<\/p><p><strong>Tratamento dos Dados<\/strong><br \/>Os dados fornecidos ser\u00e3o tratados pela FAPOR em conformidade com a legisla\u00e7\u00e3o aplic\u00e1vel, nomeadamente:<br \/>\u2022 Tratados de forma l\u00edcita e com respeito pelo princ\u00edpio da boa f\u00e9;<br \/>\u2022 Recolhidos para finalidades determinadas, expl\u00edcitas e leg\u00edtimas, n\u00e3o podendo ser tratados para outros fins;<br \/>\u2022 Exatos e, se necess\u00e1rio, atualizados, sendo tomadas as medidas adequadas para garantir a sua corre\u00e7\u00e3o ou elimina\u00e7\u00e3o, conforme as finalidades para que foram recolhidos;<br \/>\u2022 Conservados apenas durante o tempo necess\u00e1rio para a finalidade a que se destinam.<\/p><p><strong>Cookies<\/strong><br \/>A\u00a0<strong>FAPOR<\/strong>\u00a0utiliza cookies para:<br \/>\u2022 Evitar que o utilizador tenha de repetir informa\u00e7\u00f5es j\u00e1 fornecidas;<br \/>\u2022 Estimar o n\u00famero de visitantes e o tr\u00e1fego do website;<br \/>\u2022 Personalizar conte\u00fados e servi\u00e7os de acordo com os interesses e prefer\u00eancias do utilizador.<\/p><p><strong>Finalidade do Tratamento de Dados<\/strong><br \/>Os dados pessoais recolhidos pela\u00a0<strong>FAPOR<\/strong>\u00a0poder\u00e3o ser utilizados para:<br \/>\u2022 Fornecer informa\u00e7\u00f5es sobre produtos, servi\u00e7os, novidades, newsletters e outros destaques relacionados com a\u00a0<strong>FAPOR<\/strong>;<br \/>\u2022 Efetuar inscri\u00e7\u00f5es em eventos, responder a pedidos de contacto, realizar inqu\u00e9ritos de satisfa\u00e7\u00e3o e desenvolver a\u00e7\u00f5es de marketing;<br \/>\u2022 Outros objetivos diretamente relacionados com o prop\u00f3sito inicial da recolha dos dados.<\/p><p><strong>Circula\u00e7\u00e3o de Dados<\/strong><br \/>A\u00a0<strong>FAPOR<\/strong>\u00a0compromete-se a n\u00e3o transmitir os seus dados pessoais a terceiros, exceto nas seguintes situa\u00e7\u00f5es:<br \/>\u2022 Quando exista obriga\u00e7\u00e3o legal ou contratual para o efeito;<br \/>\u2022 Mediante o seu consentimento expl\u00edcito;<br \/>\u2022 Em resposta a solicita\u00e7\u00f5es de autoridades administrativas ou judiciais;<br \/>\u2022 Em situa\u00e7\u00f5es de fraude ou outras atividades il\u00edcitas, nomeadamente ataques aos sistemas de informa\u00e7\u00e3o da\u00a0<strong>FAPOR<\/strong>.<\/p><p><strong>Acesso, Retifica\u00e7\u00e3o e Elimina\u00e7\u00e3o de Dados<\/strong><br \/>Tem o direito de, a qualquer momento e de forma gratuita, aceder, retificar ou eliminar os seus dados pessoais. Para tal, basta enviar um email para o contacto oficial da\u00a0<strong>FAPOR<\/strong>\u00a0ou utilizar as op\u00e7\u00f5es dispon\u00edveis nos nossos canais de comunica\u00e7\u00e3o.<\/p><p><strong>Seguran\u00e7a dos Dados<\/strong><br \/>A\u00a0<strong>FAPOR<\/strong>\u00a0adota medidas de seguran\u00e7a adequadas para proteger os seus dados pessoais contra acesso n\u00e3o autorizado, uso indevido ou divulga\u00e7\u00e3o. Exceto em caso de dolo ou culpa grave, a\u00a0<strong>FAPOR<\/strong>\u00a0n\u00e3o se responsabiliza por danos resultantes de perda, acesso n\u00e3o autorizado ou altera\u00e7\u00e3o dos dados por terceiros.<\/p><p><strong>Atualiza\u00e7\u00f5es<\/strong><br \/>A\u00a0<strong>FAPOR<\/strong>\u00a0poder\u00e1 atualizar ou alterar esta Pol\u00edtica de Privacidade a qualquer momento. Recomenda-se a consulta peri\u00f3dica deste documento.<\/p><p><strong>Autoridade de Controlo<\/strong><br \/>Nos termos legais, o titular dos dados pode apresentar reclama\u00e7\u00e3o junto da Comiss\u00e3o Nacional de Prote\u00e7\u00e3o de Dados (CNPD) ou outra autoridade de controlo designada pela legisla\u00e7\u00e3o em vigor.<\/p><p>\u00a0<\/p>\t\t\t\t\t\t\t\t<\/div>\n\t\t\t\t\t<\/div>\n\t\t\t\t<\/div>\n\t\t\t\t<\/div>\n\t\t","protected":false},"excerpt":{"rendered":"<p>Respons\u00e1vel pelo Tratamento de Dados A\u00a0FAPOR \u2013 Faian\u00e7as de Portugal, com sede na Zona Industrial da Jardoeira, 2440-474 Batalha, doravante designada por\u00a0FAPOR, \u00e9 a respons\u00e1vel pelo tratamento dos seus dados pessoais. Comprometemo-nos a processar os seus dados com total transpar\u00eancia e no estrito respeito pela privacidade, direitos, liberdades e garantias fundamentais, assegurando o integral cumprimento [&hellip;]<\/p>\n","protected":false},"author":1,"featured_media":0,"parent":0,"menu_order":0,"comment_status":"closed","ping_status":"closed","template":"","meta":{"footnotes":""},"class_list":["post-9255","page","type-page","status-publish","hentry"],"_links":{"self":[{"href":"https:\/\/fapor.slideshow.com.pt\/index.php\/wp-json\/wp\/v2\/pages\/9255","targetHints":{"allow":["GET"]}}],"collection":[{"href":"https:\/\/fapor.slideshow.com.pt\/index.php\/wp-json\/wp\/v2\/pages"}],"about":[{"href":"https:\/\/fapor.slideshow.com.pt\/index.php\/wp-json\/wp\/v2\/types\/page"}],"author":[{"embeddable":true,"href":"https:\/\/fapor.slideshow.com.pt\/index.php\/wp-json\/wp\/v2\/users\/1"}],"replies":[{"embeddable":true,"href":"https:\/\/fapor.slideshow.com.pt\/index.php\/wp-json\/wp\/v2\/comments?post=9255"}],"version-history":[{"count":3,"href":"https:\/\/fapor.slideshow.com.pt\/index.php\/wp-json\/wp\/v2\/pages\/9255\/revisions"}],"predecessor-version":[{"id":9258,"href":"https:\/\/fapor.slideshow.com.pt\/index.php\/wp-json\/wp\/v2\/pages\/9255\/revisions\/9258"}],"wp:attachment":[{"href":"https:\/\/fapor.slideshow.com.pt\/index.php\/wp-json\/wp\/v2\/media?parent=9255"}],"curies":[{"name":"wp","href":"https:\/\/api.w.org\/{rel}","templated":true}]}}