{"id":8984,"date":"2026-03-08T05:06:14","date_gmt":"2026-03-08T05:06:14","guid":{"rendered":"https:\/\/fapor.slideshow.com.pt\/?post_type=product&#038;p=8984"},"modified":"2026-03-08T06:35:12","modified_gmt":"2026-03-08T06:35:12","slug":"riviera","status":"publish","type":"product","link":"https:\/\/fapor.slideshow.com.pt\/index.php\/product\/riviera\/","title":{"rendered":"RIVIERA"},"content":{"rendered":"<h3 style=\"text-align:center;\"><strong>COLE\u00c7\u00c3O<\/strong><\/h3>\n<div style=\"display:flex; flex-wrap:wrap; gap:20px; justify-content:center;\">\n<p><!-- Prato Sopa 20cm --><\/p>\n<div style=\"text-align:center;\">\n<a href=\"https:\/\/fapor.slideshow.com.pt\/wp-content\/uploads\/2026\/03\/prato-sopa-20cm-1.jpg\" class=\"foobox\"><br \/>\n<img decoding=\"async\" src=\"https:\/\/fapor.slideshow.com.pt\/wp-content\/uploads\/2026\/03\/prato-sopa-20cm-1-300x200.jpg\" width=\"300\"><br \/>\n<\/a><\/p>\n<p>Prato Sopa 20cm<\/p>\n<\/div>\n<p><!-- Prato Salada 21cm --><\/p>\n<div style=\"text-align:center;\">\n<a href=\"https:\/\/fapor.slideshow.com.pt\/wp-content\/uploads\/2026\/03\/prato-salada-21cm-2-300x200.jpg\" class=\"foobox\"><br \/>\n<img decoding=\"async\" src=\"https:\/\/fapor.slideshow.com.pt\/wp-content\/uploads\/2026\/03\/prato-salada-21cm-2-300x200.jpg\" width=\"300\"><br \/>\n<\/a><\/p>\n<p>Prato Salada 21cm<\/p>\n<\/div>\n<p><!-- Prato Raso 26cm --><\/p>\n<div style=\"text-align:center;\">\n<a href=\"https:\/\/fapor.slideshow.com.pt\/wp-content\/uploads\/2026\/03\/prato-raso-26cm-1-300x200.jpg\" class=\"foobox\"><br \/>\n<img decoding=\"async\" src=\"https:\/\/fapor.slideshow.com.pt\/wp-content\/uploads\/2026\/03\/prato-raso-26cm-1-300x200.jpg\" width=\"300\"><br \/>\n<\/a><\/p>\n<p>Prato Raso 26cm<\/p>\n<\/div>\n<p><!-- Prato P\u00e3o 17cm --><\/p>\n<div style=\"text-align:center;\">\n<a href=\"https:\/\/fapor.slideshow.com.pt\/wp-content\/uploads\/2026\/03\/prato-pao-17cm-1-300x200.jpg\" class=\"foobox\"><br \/>\n<img decoding=\"async\" src=\"https:\/\/fapor.slideshow.com.pt\/wp-content\/uploads\/2026\/03\/prato-pao-17cm-1-300x200.jpg\" width=\"300\"><br \/>\n<\/a><\/p>\n<p>Prato P\u00e3o 17cm<\/p>\n<\/div>\n<p><!-- Jarro --><\/p>\n<div style=\"text-align:center;\">\n<a href=\"https:\/\/fapor.slideshow.com.pt\/wp-content\/uploads\/2026\/03\/jarro-1-300x200.jpg\" class=\"foobox\"><br \/>\n<img decoding=\"async\" src=\"https:\/\/fapor.slideshow.com.pt\/wp-content\/uploads\/2026\/03\/jarro-1-300x200.jpg\" width=\"300\"><br \/>\n<\/a><\/p>\n<p>Jarro<\/p>\n<\/div>\n<p><!-- Jarra 32cm --><\/p>\n<div style=\"text-align:center;\">\n<a href=\"https:\/\/fapor.slideshow.com.pt\/wp-content\/uploads\/2026\/03\/jarra-32cm-300x200.jpg\" class=\"foobox\"><br \/>\n<img decoding=\"async\" src=\"https:\/\/fapor.slideshow.com.pt\/wp-content\/uploads\/2026\/03\/jarra-32cm-300x200.jpg\" width=\"300\"><br \/>\n<\/a><\/p>\n<p>Jarra 32cm<\/p>\n<\/div>\n<p><!-- Caneca --><\/p>\n<div style=\"text-align:center;\">\n<a href=\"https:\/\/fapor.slideshow.com.pt\/wp-content\/uploads\/2026\/03\/caneca-3-300x200.jpg\" class=\"foobox\"><br \/>\n<img decoding=\"async\" src=\"https:\/\/fapor.slideshow.com.pt\/wp-content\/uploads\/2026\/03\/caneca-3-300x200.jpg\" width=\"300\"><br \/>\n<\/a><\/p>\n<p>Caneca<\/p>\n<\/div>\n<p><!-- Travessa Oval 43cm --><\/p>\n<div style=\"text-align:center;\">\n<a href=\"https:\/\/fapor.slideshow.com.pt\/wp-content\/uploads\/2026\/03\/travessa-oval-43cm-1-300x200.jpg\" class=\"foobox\"><br \/>\n<img decoding=\"async\" src=\"https:\/\/fapor.slideshow.com.pt\/wp-content\/uploads\/2026\/03\/travessa-oval-43cm-1-300x200.jpg\" width=\"300\"><br \/>\n<\/a><\/p>\n<p>Travessa Oval 43cm<\/p>\n<\/div>\n<p><!-- Ta\u00e7a Dip --><\/p>\n<div style=\"text-align:center;\">\n<a href=\"https:\/\/fapor.slideshow.com.pt\/wp-content\/uploads\/2026\/03\/taca-dip-300x200.jpg\" class=\"foobox\"><br \/>\n<img decoding=\"async\" src=\"https:\/\/fapor.slideshow.com.pt\/wp-content\/uploads\/2026\/03\/taca-dip-300x200.jpg\" width=\"300\"><br \/>\n<\/a><\/p>\n<p>Ta\u00e7a Dip<\/p>\n<\/div>\n<p><!-- Saladeira 30cm --><\/p>\n<div style=\"text-align:center;\">\n<a href=\"https:\/\/fapor.slideshow.com.pt\/wp-content\/uploads\/2026\/03\/saladeira-30cm-300x200.jpg\" class=\"foobox\"><br \/>\n<img decoding=\"async\" src=\"https:\/\/fapor.slideshow.com.pt\/wp-content\/uploads\/2026\/03\/saladeira-30cm-300x200.jpg\" width=\"300\"><br \/>\n<\/a><\/p>\n<p>Saladeira 30cm<\/p>\n<\/div>\n<p><!-- Continue com as restantes imagens do mesmo jeito --><\/p>\n<\/div>\n","protected":false},"excerpt":{"rendered":"<div class=\"woocommerce-product-details__short-description\">\n<p><strong>Riviera<\/strong>\u00a0\u00e9 a colec\u00e7\u00e3o perfeita para encontros familiares e de amigos. Combinando um vidrado branco com um reativo azul, todas as pe\u00e7as s\u00e3o ligeiramente diferentes entre si, fazendo com que cada conjunto de mesa seja \u00fanico.<\/p>\n<\/div>\n<div class=\"product_meta\"><\/div>\n","protected":false},"featured_media":8857,"template":"","meta":[],"product_brand":[],"product_cat":[74],"product_tag":[],"class_list":{"0":"post-8984","1":"product","2":"type-product","3":"status-publish","4":"has-post-thumbnail","6":"product_cat-fapor-stoneware","8":"first","9":"instock","10":"shipping-taxable","11":"product-type-simple"},"_links":{"self":[{"href":"https:\/\/fapor.slideshow.com.pt\/index.php\/wp-json\/wp\/v2\/product\/8984","targetHints":{"allow":["GET"]}}],"collection":[{"href":"https:\/\/fapor.slideshow.com.pt\/index.php\/wp-json\/wp\/v2\/product"}],"about":[{"href":"https:\/\/fapor.slideshow.com.pt\/index.php\/wp-json\/wp\/v2\/types\/product"}],"wp:featuredmedia":[{"embeddable":true,"href":"https:\/\/fapor.slideshow.com.pt\/index.php\/wp-json\/wp\/v2\/media\/8857"}],"wp:attachment":[{"href":"https:\/\/fapor.slideshow.com.pt\/index.php\/wp-json\/wp\/v2\/media?parent=8984"}],"wp:term":[{"taxonomy":"product_brand","embeddable":true,"href":"https:\/\/fapor.slideshow.com.pt\/index.php\/wp-json\/wp\/v2\/product_brand?post=8984"},{"taxonomy":"product_cat","embeddable":true,"href":"https:\/\/fapor.slideshow.com.pt\/index.php\/wp-json\/wp\/v2\/product_cat?post=8984"},{"taxonomy":"product_tag","embeddable":true,"href":"https:\/\/fapor.slideshow.com.pt\/index.php\/wp-json\/wp\/v2\/product_tag?post=8984"}],"curies":[{"name":"wp","href":"https:\/\/api.w.org\/{rel}","templated":true}]}}