{"id":9008,"date":"2026-03-08T05:45:56","date_gmt":"2026-03-08T05:45:56","guid":{"rendered":"https:\/\/fapor.slideshow.com.pt\/?post_type=product&#038;p=9008"},"modified":"2026-03-08T06:31:41","modified_gmt":"2026-03-08T06:31:41","slug":"bliss","status":"publish","type":"product","link":"https:\/\/fapor.slideshow.com.pt\/index.php\/product\/bliss\/","title":{"rendered":"BLISS"},"content":{"rendered":"<h3 style=\"text-align:center;\"><strong>COLE\u00c7\u00c3O<\/strong><\/h3>\n<div style=\"display:flex; flex-wrap:wrap; gap:20px; justify-content:center;\">\n<p><!-- Fruteira 25cm --><\/p>\n<div style=\"text-align:center;\">\n<a href=\"https:\/\/fapor.slideshow.com.pt\/wp-content\/uploads\/2026\/03\/Fruteira-25cm-1.jpg\" class=\"foobox\"><br \/>\n<img decoding=\"async\" src=\"https:\/\/fapor.slideshow.com.pt\/wp-content\/uploads\/2026\/03\/Fruteira-25cm-1-300x200.jpg\" width=\"300\"><br \/>\n<\/a><\/p>\n<p>Fruteira 25cm<\/p>\n<\/div>\n<p><!-- Fruteira 30cm --><\/p>\n<div style=\"text-align:center;\">\n<a href=\"https:\/\/fapor.slideshow.com.pt\/wp-content\/uploads\/2026\/03\/Fruteira-30cm.jpg\" class=\"foobox\"><br \/>\n<img decoding=\"async\" src=\"https:\/\/fapor.slideshow.com.pt\/wp-content\/uploads\/2026\/03\/Fruteira-30cm-300x200.jpg\" width=\"300\"><br \/>\n<\/a><\/p>\n<p>Fruteira 30cm<\/p>\n<\/div>\n<p><!-- Fruteira Oval 30cm --><\/p>\n<div style=\"text-align:center;\">\n<a href=\"https:\/\/fapor.slideshow.com.pt\/wp-content\/uploads\/2026\/03\/Fruteira-Oval-30cm-1.jpg\" class=\"foobox\"><br \/>\n<img decoding=\"async\" src=\"https:\/\/fapor.slideshow.com.pt\/wp-content\/uploads\/2026\/03\/Fruteira-Oval-30cm-1-300x200.jpg\" width=\"300\"><br \/>\n<\/a><\/p>\n<p>Fruteira Oval 30cm<\/p>\n<\/div>\n<p><!-- Galheteiro --><\/p>\n<div style=\"text-align:center;\">\n<a href=\"https:\/\/fapor.slideshow.com.pt\/wp-content\/uploads\/2026\/03\/galheteiro.jpg\" class=\"foobox\"><br \/>\n<img decoding=\"async\" src=\"https:\/\/fapor.slideshow.com.pt\/wp-content\/uploads\/2026\/03\/galheteiro-300x200.jpg\" width=\"300\"><br \/>\n<\/a><\/p>\n<p>Galheteiro<\/p>\n<\/div>\n<p><!-- Jarra 18cm --><\/p>\n<div style=\"text-align:center;\">\n<a href=\"https:\/\/fapor.slideshow.com.pt\/wp-content\/uploads\/2026\/03\/Jarra-18cm-1.jpg\" class=\"foobox\"><br \/>\n<img decoding=\"async\" src=\"https:\/\/fapor.slideshow.com.pt\/wp-content\/uploads\/2026\/03\/Jarra-18cm-1-300x200.jpg\" width=\"300\"><br \/>\n<\/a><\/p>\n<p>Jarra 18cm<\/p>\n<\/div>\n<p><!-- Jarra 22cm --><\/p>\n<div style=\"text-align:center;\">\n<a href=\"https:\/\/fapor.slideshow.com.pt\/wp-content\/uploads\/2026\/03\/Jarra-22cm-1-1.jpg\" class=\"foobox\"><br \/>\n<img decoding=\"async\" src=\"https:\/\/fapor.slideshow.com.pt\/wp-content\/uploads\/2026\/03\/Jarra-22cm-1-1-300x200.jpg\" width=\"300\"><br \/>\n<\/a><\/p>\n<p>Jarra 22cm<\/p>\n<\/div>\n<p><!-- Jarra 32cm --><\/p>\n<div style=\"text-align:center;\">\n<a href=\"https:\/\/fapor.slideshow.com.pt\/wp-content\/uploads\/2026\/03\/Jarra-32cm-1-1.jpg\" class=\"foobox\"><br \/>\n<img decoding=\"async\" src=\"https:\/\/fapor.slideshow.com.pt\/wp-content\/uploads\/2026\/03\/Jarra-32cm-1-1-300x200.jpg\" width=\"300\"><br \/>\n<\/a><\/p>\n<p>Jarra 32cm<\/p>\n<\/div>\n<p><!-- Jarro --><\/p>\n<div style=\"text-align:center;\">\n<a href=\"https:\/\/fapor.slideshow.com.pt\/wp-content\/uploads\/2026\/03\/jarro.jpg\" class=\"foobox\"><br \/>\n<img decoding=\"async\" src=\"https:\/\/fapor.slideshow.com.pt\/wp-content\/uploads\/2026\/03\/jarro-300x200.jpg\" width=\"300\"><br \/>\n<\/a><\/p>\n<p>Jarro<\/p>\n<\/div>\n<p><!-- Prato P\u00e3o 17cm --><\/p>\n<div style=\"text-align:center;\">\n<a href=\"https:\/\/fapor.slideshow.com.pt\/wp-content\/uploads\/2026\/03\/prato-pao-17cm.jpg\" class=\"foobox\"><br \/>\n<img decoding=\"async\" src=\"https:\/\/fapor.slideshow.com.pt\/wp-content\/uploads\/2026\/03\/prato-pao-17cm-300x200.jpg\" width=\"300\"><br \/>\n<\/a><\/p>\n<p>Prato P\u00e3o 17cm<\/p>\n<\/div>\n<p><!-- Prato Raso 26cm --><\/p>\n<div style=\"text-align:center;\">\n<a href=\"https:\/\/fapor.slideshow.com.pt\/wp-content\/uploads\/2026\/03\/prato-raso-26cm.jpg\" class=\"foobox\"><br \/>\n<img decoding=\"async\" src=\"https:\/\/fapor.slideshow.com.pt\/wp-content\/uploads\/2026\/03\/prato-raso-26cm-300x200.jpg\" width=\"300\"><br \/>\n<\/a><\/p>\n<p>Prato Raso 26cm<\/p>\n<\/div>\n<p><!-- Prato Salada 21cm --><\/p>\n<div style=\"text-align:center;\">\n<a href=\"https:\/\/fapor.slideshow.com.pt\/wp-content\/uploads\/2026\/03\/prato-salada-21cm.jpg\" class=\"foobox\"><br \/>\n<img decoding=\"async\" src=\"https:\/\/fapor.slideshow.com.pt\/wp-content\/uploads\/2026\/03\/prato-salada-21cm-300x200.jpg\" width=\"300\"><br \/>\n<\/a><\/p>\n<p>Prato Salada 21cm<\/p>\n<\/div>\n<p><!-- Prato Sopa 20cm --><\/p>\n<div style=\"text-align:center;\">\n<a href=\"https:\/\/fapor.slideshow.com.pt\/wp-content\/uploads\/2026\/03\/prato-sopa-20cm.jpg\" class=\"foobox\"><br \/>\n<img decoding=\"async\" src=\"https:\/\/fapor.slideshow.com.pt\/wp-content\/uploads\/2026\/03\/prato-sopa-20cm-300x200.jpg\" width=\"300\"><br \/>\n<\/a><\/p>\n<p>Prato Sopa 20cm<\/p>\n<\/div>\n<p><!-- Tacinha Dip --><\/p>\n<div style=\"text-align:center;\">\n<a href=\"https:\/\/fapor.slideshow.com.pt\/wp-content\/uploads\/2026\/03\/tacinha-dip.jpg\" class=\"foobox\"><br \/>\n<img decoding=\"async\" src=\"https:\/\/fapor.slideshow.com.pt\/wp-content\/uploads\/2026\/03\/tacinha-dip-300x200.jpg\" width=\"300\"><br \/>\n<\/a><\/p>\n<p>Tacinha Dip<\/p>\n<\/div>\n<p><!-- Travessa Oval 43cm --><\/p>\n<div style=\"text-align:center;\">\n<a href=\"https:\/\/fapor.slideshow.com.pt\/wp-content\/uploads\/2026\/03\/travessa-oval-43cm.jpg\" class=\"foobox\"><br \/>\n<img decoding=\"async\" src=\"https:\/\/fapor.slideshow.com.pt\/wp-content\/uploads\/2026\/03\/travessa-oval-43cm-300x200.jpg\" width=\"300\"><br \/>\n<\/a><\/p>\n<p>Travessa Oval 43cm<\/p>\n<\/div>\n<p><!-- Base Galheteiro --><\/p>\n<div style=\"text-align:center;\">\n<a href=\"https:\/\/fapor.slideshow.com.pt\/wp-content\/uploads\/2026\/03\/base-galheteiro.jpg\" class=\"foobox\"><br \/>\n<img decoding=\"async\" src=\"https:\/\/fapor.slideshow.com.pt\/wp-content\/uploads\/2026\/03\/base-galheteiro-300x200.jpg\" width=\"300\"><br \/>\n<\/a><\/p>\n<p>Base Galheteiro<\/p>\n<\/div>\n<p><!-- Caneca --><\/p>\n<div style=\"text-align:center;\">\n<a href=\"https:\/\/fapor.slideshow.com.pt\/wp-content\/uploads\/2026\/03\/caneca-300x200.jpg\" class=\"foobox\"><br \/>\n<img decoding=\"async\" src=\"https:\/\/fapor.slideshow.com.pt\/wp-content\/uploads\/2026\/03\/caneca-300x200.jpg\" width=\"300\"><br \/>\n<\/a><\/p>\n<p>Caneca<\/p>\n<\/div>\n<\/div>\n","protected":false},"excerpt":{"rendered":"<p>Bliss\u00a0\u00e9 a colec\u00e7\u00e3o perfeita para encontros familiares e de amigos. Combinando um vidrado branco com um reativo azul, todas as pe\u00e7as s\u00e3o ligeiramente diferentes entre si, fazendo com que cada conjunto de mesa seja \u00fanico.<\/p>\n","protected":false},"featured_media":9038,"template":"","meta":[],"product_brand":[],"product_cat":[74],"product_tag":[],"class_list":{"0":"post-9008","1":"product","2":"type-product","3":"status-publish","4":"has-post-thumbnail","6":"product_cat-fapor-stoneware","8":"first","9":"instock","10":"shipping-taxable","11":"product-type-simple"},"_links":{"self":[{"href":"https:\/\/fapor.slideshow.com.pt\/index.php\/wp-json\/wp\/v2\/product\/9008","targetHints":{"allow":["GET"]}}],"collection":[{"href":"https:\/\/fapor.slideshow.com.pt\/index.php\/wp-json\/wp\/v2\/product"}],"about":[{"href":"https:\/\/fapor.slideshow.com.pt\/index.php\/wp-json\/wp\/v2\/types\/product"}],"wp:featuredmedia":[{"embeddable":true,"href":"https:\/\/fapor.slideshow.com.pt\/index.php\/wp-json\/wp\/v2\/media\/9038"}],"wp:attachment":[{"href":"https:\/\/fapor.slideshow.com.pt\/index.php\/wp-json\/wp\/v2\/media?parent=9008"}],"wp:term":[{"taxonomy":"product_brand","embeddable":true,"href":"https:\/\/fapor.slideshow.com.pt\/index.php\/wp-json\/wp\/v2\/product_brand?post=9008"},{"taxonomy":"product_cat","embeddable":true,"href":"https:\/\/fapor.slideshow.com.pt\/index.php\/wp-json\/wp\/v2\/product_cat?post=9008"},{"taxonomy":"product_tag","embeddable":true,"href":"https:\/\/fapor.slideshow.com.pt\/index.php\/wp-json\/wp\/v2\/product_tag?post=9008"}],"curies":[{"name":"wp","href":"https:\/\/api.w.org\/{rel}","templated":true}]}}