{"id":9027,"date":"2026-03-08T06:07:10","date_gmt":"2026-03-08T06:07:10","guid":{"rendered":"https:\/\/fapor.slideshow.com.pt\/?post_type=product&#038;p=9027"},"modified":"2026-03-08T06:29:40","modified_gmt":"2026-03-08T06:29:40","slug":"cascade","status":"publish","type":"product","link":"https:\/\/fapor.slideshow.com.pt\/index.php\/product\/cascade\/","title":{"rendered":"CASCADE"},"content":{"rendered":"<h3 style=\"text-align: center;\"><strong>COLE\u00c7\u00c3O<\/strong><\/h3>\n<div style=\"display: flex; flex-wrap: wrap; gap: 20px; justify-content: center;\">\n<div style=\"text-align: center;\"><a class=\"foobox\" href=\"https:\/\/fapor.slideshow.com.pt\/wp-content\/uploads\/2026\/03\/saladeira-25cm.jpg\"><br \/>\n<img decoding=\"async\" src=\"https:\/\/fapor.slideshow.com.pt\/wp-content\/uploads\/2026\/03\/saladeira-25cm-300x200.jpg\" width=\"300\" \/><br \/>\n<\/a>Saladeira 25cm<\/p>\n<\/div>\n<div style=\"text-align: center;\"><a class=\"foobox\" href=\"https:\/\/fapor.slideshow.com.pt\/wp-content\/uploads\/2026\/03\/tacinha.jpg\"><br \/>\n<img decoding=\"async\" src=\"https:\/\/fapor.slideshow.com.pt\/wp-content\/uploads\/2026\/03\/tacinha-300x200.jpg\" width=\"300\" \/><br \/>\n<\/a>Tacinha<\/p>\n<\/div>\n<div style=\"text-align: center;\"><a class=\"foobox\" href=\"https:\/\/fapor.slideshow.com.pt\/wp-content\/uploads\/2026\/03\/prato-sopa-20cm-2.jpg\"><br \/>\n<img decoding=\"async\" src=\"https:\/\/fapor.slideshow.com.pt\/wp-content\/uploads\/2026\/03\/prato-sopa-20cm-2-300x200.jpg\" width=\"300\" \/><br \/>\n<\/a>Prato Sopa 20cm<\/p>\n<\/div>\n<div style=\"text-align: center;\"><a class=\"foobox\" href=\"https:\/\/fapor.slideshow.com.pt\/wp-content\/uploads\/2026\/03\/prato-salada-22cm.jpg\"><br \/>\n<img decoding=\"async\" src=\"https:\/\/fapor.slideshow.com.pt\/wp-content\/uploads\/2026\/03\/prato-salada-22cm-300x200.jpg\" width=\"300\" \/><br \/>\n<\/a>Prato Salada 22cm<\/p>\n<\/div>\n<div style=\"text-align: center;\"><a class=\"foobox\" href=\"https:\/\/fapor.slideshow.com.pt\/wp-content\/uploads\/2026\/03\/prato-raso-28cm-1.jpg\"><br \/>\n<img decoding=\"async\" src=\"https:\/\/fapor.slideshow.com.pt\/wp-content\/uploads\/2026\/03\/prato-raso-28cm-1-300x200.jpg\" width=\"300\" \/><br \/>\n<\/a>Prato Raso 28cm<\/p>\n<\/div>\n<div style=\"text-align: center;\"><a class=\"foobox\" href=\"https:\/\/fapor.slideshow.com.pt\/wp-content\/uploads\/2026\/03\/prato-19cm.jpg\"><br \/>\n<img decoding=\"async\" src=\"https:\/\/fapor.slideshow.com.pt\/wp-content\/uploads\/2026\/03\/prato-19cm-300x200.jpg\" width=\"300\" \/><br \/>\n<\/a>Prato 19cm<\/p>\n<\/div>\n<div style=\"text-align: center;\"><a class=\"foobox\" href=\"https:\/\/fapor.slideshow.com.pt\/wp-content\/uploads\/2026\/03\/jarro-2.jpg\"><br \/>\n<img decoding=\"async\" src=\"https:\/\/fapor.slideshow.com.pt\/wp-content\/uploads\/2026\/03\/jarro-2-300x200.jpg\" width=\"300\" \/><br \/>\n<\/a>Jarro<\/p>\n<\/div>\n<div style=\"text-align: center;\"><a class=\"foobox\" href=\"https:\/\/fapor.slideshow.com.pt\/wp-content\/uploads\/2026\/03\/jarra.jpg\"><br \/>\n<img decoding=\"async\" src=\"https:\/\/fapor.slideshow.com.pt\/wp-content\/uploads\/2026\/03\/jarra-300x200.jpg\" width=\"300\" \/><br \/>\n<\/a>Jarra<\/p>\n<\/div>\n<div style=\"text-align: center;\"><a class=\"foobox\" href=\"https:\/\/fapor.slideshow.com.pt\/wp-content\/uploads\/2026\/03\/copo.jpg\"><br \/>\n<img decoding=\"async\" src=\"https:\/\/fapor.slideshow.com.pt\/wp-content\/uploads\/2026\/03\/copo-300x200.jpg\" width=\"300\" \/><br \/>\n<\/a>Copo<\/p>\n<\/div>\n<div style=\"text-align: center;\"><a class=\"foobox\" href=\"https:\/\/fapor.slideshow.com.pt\/wp-content\/uploads\/2026\/03\/caneca-4.jpg\"><br \/>\n<img decoding=\"async\" src=\"https:\/\/fapor.slideshow.com.pt\/wp-content\/uploads\/2026\/03\/caneca-4-300x200.jpg\" width=\"300\" \/><br \/>\n<\/a>Caneca<\/p>\n<\/div>\n<\/div>\n","protected":false},"excerpt":{"rendered":"<div class=\"woocommerce-product-details__short-description\">\n<p>Em gr\u00e9s fino,\u00a0<strong>Cascade<\/strong>\u00a0\u00e9 uma linha inspirada no mar e \u00e9 a cole\u00e7\u00e3o perfeita para uso di\u00e1rio ou qualquer ocasi\u00e3o especial.<\/p>\n<\/div>\n<div class=\"product_meta\"><\/div>\n","protected":false},"featured_media":9041,"template":"","meta":[],"product_brand":[],"product_cat":[74],"product_tag":[],"class_list":{"0":"post-9027","1":"product","2":"type-product","3":"status-publish","4":"has-post-thumbnail","6":"product_cat-fapor-stoneware","8":"first","9":"instock","10":"shipping-taxable","11":"product-type-simple"},"_links":{"self":[{"href":"https:\/\/fapor.slideshow.com.pt\/index.php\/wp-json\/wp\/v2\/product\/9027","targetHints":{"allow":["GET"]}}],"collection":[{"href":"https:\/\/fapor.slideshow.com.pt\/index.php\/wp-json\/wp\/v2\/product"}],"about":[{"href":"https:\/\/fapor.slideshow.com.pt\/index.php\/wp-json\/wp\/v2\/types\/product"}],"wp:featuredmedia":[{"embeddable":true,"href":"https:\/\/fapor.slideshow.com.pt\/index.php\/wp-json\/wp\/v2\/media\/9041"}],"wp:attachment":[{"href":"https:\/\/fapor.slideshow.com.pt\/index.php\/wp-json\/wp\/v2\/media?parent=9027"}],"wp:term":[{"taxonomy":"product_brand","embeddable":true,"href":"https:\/\/fapor.slideshow.com.pt\/index.php\/wp-json\/wp\/v2\/product_brand?post=9027"},{"taxonomy":"product_cat","embeddable":true,"href":"https:\/\/fapor.slideshow.com.pt\/index.php\/wp-json\/wp\/v2\/product_cat?post=9027"},{"taxonomy":"product_tag","embeddable":true,"href":"https:\/\/fapor.slideshow.com.pt\/index.php\/wp-json\/wp\/v2\/product_tag?post=9027"}],"curies":[{"name":"wp","href":"https:\/\/api.w.org\/{rel}","templated":true}]}}