{"id":9062,"date":"2026-03-08T09:58:27","date_gmt":"2026-03-08T09:58:27","guid":{"rendered":"https:\/\/fapor.slideshow.com.pt\/?post_type=product&#038;p=9062"},"modified":"2026-03-08T10:00:23","modified_gmt":"2026-03-08T10:00:23","slug":"mocha","status":"publish","type":"product","link":"https:\/\/fapor.slideshow.com.pt\/index.php\/product\/mocha\/","title":{"rendered":"MOCHA"},"content":{"rendered":"<h3 style=\"text-align:center;\"><strong>COLE\u00c7\u00c3O<\/strong><\/h3>\n<div style=\"display:flex; flex-wrap:wrap; gap:20px; justify-content:center;\">\n<p><!-- Ta\u00e7a 13cm --><\/p>\n<div style=\"text-align:center;\">\n<a href=\"https:\/\/fapor.slideshow.com.pt\/wp-content\/uploads\/2026\/03\/Taca-13cm.jpg\" class=\"foobox\"><br \/>\n<img decoding=\"async\" src=\"https:\/\/fapor.slideshow.com.pt\/wp-content\/uploads\/2026\/03\/Taca-13cm-300x200.jpg\" width=\"300\"><br \/>\n<\/a><\/p>\n<p>Ta\u00e7a 13cm<\/p>\n<\/div>\n<p><!-- Ta\u00e7a 9cm --><\/p>\n<div style=\"text-align:center;\">\n<a href=\"https:\/\/fapor.slideshow.com.pt\/wp-content\/uploads\/2026\/03\/Taca-9cm.jpg\" class=\"foobox\"><br \/>\n<img decoding=\"async\" src=\"https:\/\/fapor.slideshow.com.pt\/wp-content\/uploads\/2026\/03\/Taca-9cm-300x200.jpg\" width=\"300\"><br \/>\n<\/a><\/p>\n<p>Ta\u00e7a 9cm<\/p>\n<\/div>\n<p><!-- Saladeira 24cm --><\/p>\n<div style=\"text-align:center;\">\n<a href=\"https:\/\/fapor.slideshow.com.pt\/wp-content\/uploads\/2026\/03\/Saladeira-24cm-1.jpg\" class=\"foobox\"><br \/>\n<img decoding=\"async\" src=\"https:\/\/fapor.slideshow.com.pt\/wp-content\/uploads\/2026\/03\/Saladeira-24cm-1-300x200.jpg\" width=\"300\"><br \/>\n<\/a><\/p>\n<p>Saladeira 24cm<\/p>\n<\/div>\n<p><!-- Saladeira 18cm --><\/p>\n<div style=\"text-align:center;\">\n<a href=\"https:\/\/fapor.slideshow.com.pt\/wp-content\/uploads\/2026\/03\/Saladeira-18cm-1.jpg\" class=\"foobox\"><br \/>\n<img decoding=\"async\" src=\"https:\/\/fapor.slideshow.com.pt\/wp-content\/uploads\/2026\/03\/Saladeira-18cm-1-300x200.jpg\" width=\"300\"><br \/>\n<\/a><\/p>\n<p>Saladeira 18cm<\/p>\n<\/div>\n<p><!-- Travessa 38cm --><\/p>\n<div style=\"text-align:center;\">\n<a href=\"https:\/\/fapor.slideshow.com.pt\/wp-content\/uploads\/2026\/03\/TRAVESSA-38cm.jpg\" class=\"foobox\"><br \/>\n<img decoding=\"async\" src=\"https:\/\/fapor.slideshow.com.pt\/wp-content\/uploads\/2026\/03\/TRAVESSA-38cm-300x200.jpg\" width=\"300\"><br \/>\n<\/a><\/p>\n<p>Travessa 38cm<\/p>\n<\/div>\n<p><!-- Travessa Oval 32cm --><\/p>\n<div style=\"text-align:center;\">\n<a href=\"https:\/\/fapor.slideshow.com.pt\/wp-content\/uploads\/2026\/03\/TRAVESSA-OVAL-32cm-2.jpg\" class=\"foobox\"><br \/>\n<img decoding=\"async\" src=\"https:\/\/fapor.slideshow.com.pt\/wp-content\/uploads\/2026\/03\/TRAVESSA-OVAL-32cm-2-300x200.jpg\" width=\"300\"><br \/>\n<\/a><\/p>\n<p>Travessa Oval 32cm<\/p>\n<\/div>\n<p><!-- Travessa 26cm --><\/p>\n<div style=\"text-align:center;\">\n<a href=\"https:\/\/fapor.slideshow.com.pt\/wp-content\/uploads\/2026\/03\/TRAVESSA-26cm.jpg\" class=\"foobox\"><br \/>\n<img decoding=\"async\" src=\"https:\/\/fapor.slideshow.com.pt\/wp-content\/uploads\/2026\/03\/TRAVESSA-26cm-300x200.jpg\" width=\"300\"><br \/>\n<\/a><\/p>\n<p>Travessa 26cm<\/p>\n<\/div>\n<\/div>\n","protected":false},"excerpt":{"rendered":"<p>Mocha faz-se valer do contraste entre o reativo castanho e um azul cobalto para preencher a superf\u00edcie das suas formas em gr\u00e9s. Com uma mat\u00e9ria-prima de alta qualidade, \u00e9 ideal para hot\u00e9is e restaurantes.<\/p>\n","protected":false},"featured_media":9070,"template":"","meta":[],"product_brand":[],"product_cat":[74],"product_tag":[],"class_list":{"0":"post-9062","1":"product","2":"type-product","3":"status-publish","4":"has-post-thumbnail","6":"product_cat-fapor-stoneware","8":"first","9":"instock","10":"shipping-taxable","11":"product-type-simple"},"_links":{"self":[{"href":"https:\/\/fapor.slideshow.com.pt\/index.php\/wp-json\/wp\/v2\/product\/9062","targetHints":{"allow":["GET"]}}],"collection":[{"href":"https:\/\/fapor.slideshow.com.pt\/index.php\/wp-json\/wp\/v2\/product"}],"about":[{"href":"https:\/\/fapor.slideshow.com.pt\/index.php\/wp-json\/wp\/v2\/types\/product"}],"wp:featuredmedia":[{"embeddable":true,"href":"https:\/\/fapor.slideshow.com.pt\/index.php\/wp-json\/wp\/v2\/media\/9070"}],"wp:attachment":[{"href":"https:\/\/fapor.slideshow.com.pt\/index.php\/wp-json\/wp\/v2\/media?parent=9062"}],"wp:term":[{"taxonomy":"product_brand","embeddable":true,"href":"https:\/\/fapor.slideshow.com.pt\/index.php\/wp-json\/wp\/v2\/product_brand?post=9062"},{"taxonomy":"product_cat","embeddable":true,"href":"https:\/\/fapor.slideshow.com.pt\/index.php\/wp-json\/wp\/v2\/product_cat?post=9062"},{"taxonomy":"product_tag","embeddable":true,"href":"https:\/\/fapor.slideshow.com.pt\/index.php\/wp-json\/wp\/v2\/product_tag?post=9062"}],"curies":[{"name":"wp","href":"https:\/\/api.w.org\/{rel}","templated":true}]}}