{"id":9091,"date":"2026-03-08T10:58:02","date_gmt":"2026-03-08T10:58:02","guid":{"rendered":"https:\/\/fapor.slideshow.com.pt\/?post_type=product&#038;p=9091"},"modified":"2026-03-08T10:58:02","modified_gmt":"2026-03-08T10:58:02","slug":"scape","status":"publish","type":"product","link":"https:\/\/fapor.slideshow.com.pt\/index.php\/product\/scape\/","title":{"rendered":"SCAPE"},"content":{"rendered":"<h2 style=\"text-align: center;\">Cole\u00e7\u00e3o<\/h2>\n<div style=\"display: flex; flex-wrap: wrap; gap: 20px; justify-content: center;\">\n<div style=\"text-align: center;\"><a class=\"foobox\" href=\"https:\/\/fapor.slideshow.com.pt\/wp-content\/uploads\/2026\/03\/prato-raso-28cm-3.jpg\"><br \/>\n<img decoding=\"async\" src=\"https:\/\/fapor.slideshow.com.pt\/wp-content\/uploads\/2026\/03\/prato-raso-28cm-3-300x200.jpg\" width=\"300\" \/><br \/>\n<\/a>Prato Raso 28cm<\/p>\n<\/div>\n<div style=\"text-align: center;\"><a class=\"foobox\" href=\"https:\/\/fapor.slideshow.com.pt\/wp-content\/uploads\/2026\/03\/chavena-2.jpg\"><br \/>\n<img decoding=\"async\" src=\"https:\/\/fapor.slideshow.com.pt\/wp-content\/uploads\/2026\/03\/chavena-2-300x200.jpg\" width=\"300\" \/><br \/>\n<\/a>Ch\u00e1vena<\/p>\n<\/div>\n<div style=\"text-align: center;\"><a class=\"foobox\" href=\"https:\/\/fapor.slideshow.com.pt\/wp-content\/uploads\/2026\/03\/PRATO-SOPA.jpg\"><br \/>\n<img decoding=\"async\" src=\"https:\/\/fapor.slideshow.com.pt\/wp-content\/uploads\/2026\/03\/PRATO-SOPA-300x200.jpg\" width=\"300\" \/><br \/>\n<\/a>Prato de Sopa<\/p>\n<\/div>\n<div style=\"text-align: center;\"><a class=\"foobox\" href=\"https:\/\/fapor.slideshow.com.pt\/wp-content\/uploads\/2026\/03\/taca-cereal-2.jpg\"><br \/>\n<img decoding=\"async\" src=\"https:\/\/fapor.slideshow.com.pt\/wp-content\/uploads\/2026\/03\/taca-cereal-2-300x200.jpg\" width=\"300\" \/><br \/>\n<\/a>Ta\u00e7a Cereal<\/p>\n<\/div>\n<div style=\"text-align: center;\"><a class=\"foobox\" href=\"https:\/\/fapor.slideshow.com.pt\/wp-content\/uploads\/2026\/03\/prato-salada-22cm-3.jpg\"><br \/>\n<img decoding=\"async\" src=\"https:\/\/fapor.slideshow.com.pt\/wp-content\/uploads\/2026\/03\/prato-salada-22cm-3-300x200.jpg\" width=\"300\" \/><br \/>\n<\/a>Prato Salada 22cm<\/p>\n<\/div>\n<\/div>\n","protected":false},"excerpt":{"rendered":"<div class=\"woocommerce-product-details__short-description\">\n<p><strong>Scape<\/strong>\u00a0\u00e9 um conjunto de mesa informal, mas sofisticado, perfeito para ocasi\u00f5es especiais. Em reativo semi-mate, todas as pe\u00e7as s\u00e3o ligeiramente diferentes entre si, fazendo com que cada uma seja \u00fanica.<\/p>\n<\/div>\n<div class=\"product_meta\"><\/div>\n","protected":false},"featured_media":9095,"template":"","meta":[],"product_brand":[],"product_cat":[74],"product_tag":[],"class_list":{"0":"post-9091","1":"product","2":"type-product","3":"status-publish","4":"has-post-thumbnail","6":"product_cat-fapor-stoneware","8":"first","9":"instock","10":"shipping-taxable","11":"product-type-simple"},"_links":{"self":[{"href":"https:\/\/fapor.slideshow.com.pt\/index.php\/wp-json\/wp\/v2\/product\/9091","targetHints":{"allow":["GET"]}}],"collection":[{"href":"https:\/\/fapor.slideshow.com.pt\/index.php\/wp-json\/wp\/v2\/product"}],"about":[{"href":"https:\/\/fapor.slideshow.com.pt\/index.php\/wp-json\/wp\/v2\/types\/product"}],"wp:featuredmedia":[{"embeddable":true,"href":"https:\/\/fapor.slideshow.com.pt\/index.php\/wp-json\/wp\/v2\/media\/9095"}],"wp:attachment":[{"href":"https:\/\/fapor.slideshow.com.pt\/index.php\/wp-json\/wp\/v2\/media?parent=9091"}],"wp:term":[{"taxonomy":"product_brand","embeddable":true,"href":"https:\/\/fapor.slideshow.com.pt\/index.php\/wp-json\/wp\/v2\/product_brand?post=9091"},{"taxonomy":"product_cat","embeddable":true,"href":"https:\/\/fapor.slideshow.com.pt\/index.php\/wp-json\/wp\/v2\/product_cat?post=9091"},{"taxonomy":"product_tag","embeddable":true,"href":"https:\/\/fapor.slideshow.com.pt\/index.php\/wp-json\/wp\/v2\/product_tag?post=9091"}],"curies":[{"name":"wp","href":"https:\/\/api.w.org\/{rel}","templated":true}]}}