{"id":9107,"date":"2026-03-08T11:09:57","date_gmt":"2026-03-08T11:09:57","guid":{"rendered":"https:\/\/fapor.slideshow.com.pt\/?post_type=product&#038;p=9107"},"modified":"2026-03-08T11:09:57","modified_gmt":"2026-03-08T11:09:57","slug":"snow","status":"publish","type":"product","link":"https:\/\/fapor.slideshow.com.pt\/index.php\/product\/snow\/","title":{"rendered":"SNOW"},"content":{"rendered":"<h2 style=\"text-align: center;\">Cole\u00e7\u00e3o<\/h2>\n<div style=\"display: flex; flex-wrap: wrap; gap: 20px; justify-content: center;\">\n<div style=\"text-align: center;\"><a class=\"foobox\" href=\"https:\/\/fapor.slideshow.com.pt\/wp-content\/uploads\/2026\/03\/jarro-4.jpg\"><br \/>\n<img decoding=\"async\" src=\"https:\/\/fapor.slideshow.com.pt\/wp-content\/uploads\/2026\/03\/jarro-4-300x200.jpg\" width=\"300\" \/><br \/>\n<\/a>Jarro<\/p>\n<\/div>\n<div style=\"text-align: center;\"><a class=\"foobox\" href=\"https:\/\/fapor.slideshow.com.pt\/wp-content\/uploads\/2026\/03\/caneca-8.jpg\"><br \/>\n<img decoding=\"async\" src=\"https:\/\/fapor.slideshow.com.pt\/wp-content\/uploads\/2026\/03\/caneca-8-300x200.jpg\" width=\"300\" \/><br \/>\n<\/a>Caneca<\/p>\n<\/div>\n<div style=\"text-align: center;\"><a class=\"foobox\" href=\"https:\/\/fapor.slideshow.com.pt\/wp-content\/uploads\/2026\/03\/TACA-OVAL.jpg\"><br \/>\n<img decoding=\"async\" src=\"https:\/\/fapor.slideshow.com.pt\/wp-content\/uploads\/2026\/03\/TACA-OVAL-300x200.jpg\" width=\"300\" \/><br \/>\n<\/a>Ta\u00e7a Oval<\/p>\n<\/div>\n<div style=\"text-align: center;\"><a class=\"foobox\" href=\"https:\/\/fapor.slideshow.com.pt\/wp-content\/uploads\/2026\/03\/taca-cereal-6.jpg\"><br \/>\n<img decoding=\"async\" src=\"https:\/\/fapor.slideshow.com.pt\/wp-content\/uploads\/2026\/03\/taca-cereal-6-300x200.jpg\" width=\"300\" \/><br \/>\n<\/a>Ta\u00e7a Cereal<\/p>\n<\/div>\n<div style=\"text-align: center;\"><a class=\"foobox\" href=\"https:\/\/fapor.slideshow.com.pt\/wp-content\/uploads\/2026\/03\/saladeira-33cm-1.jpg\"><br \/>\n<img decoding=\"async\" src=\"https:\/\/fapor.slideshow.com.pt\/wp-content\/uploads\/2026\/03\/saladeira-33cm-1-300x200.jpg\" width=\"300\" \/><br \/>\n<\/a>Saladeira 33cm<\/p>\n<\/div>\n<div style=\"text-align: center;\"><a class=\"foobox\" href=\"https:\/\/fapor.slideshow.com.pt\/wp-content\/uploads\/2026\/03\/prato-sopa-22cm-1.jpg\"><br \/>\n<img decoding=\"async\" src=\"https:\/\/fapor.slideshow.com.pt\/wp-content\/uploads\/2026\/03\/prato-sopa-22cm-1-300x200.jpg\" width=\"300\" \/><br \/>\n<\/a>Prato de Sopa 22cm<\/p>\n<\/div>\n<div style=\"text-align: center;\"><a class=\"foobox\" href=\"https:\/\/fapor.slideshow.com.pt\/wp-content\/uploads\/2026\/03\/prato-salada-22cm-6.jpg\"><br \/>\n<img decoding=\"async\" src=\"https:\/\/fapor.slideshow.com.pt\/wp-content\/uploads\/2026\/03\/prato-salada-22cm-6-300x200.jpg\" width=\"300\" \/><br \/>\n<\/a>Prato Salada 22cm<\/p>\n<\/div>\n<div style=\"text-align: center;\"><a class=\"foobox\" href=\"https:\/\/fapor.slideshow.com.pt\/wp-content\/uploads\/2026\/03\/prato-raso-28cm-7.jpg\"><br \/>\n<img decoding=\"async\" src=\"https:\/\/fapor.slideshow.com.pt\/wp-content\/uploads\/2026\/03\/prato-raso-28cm-7-300x200.jpg\" width=\"300\" \/><br \/>\n<\/a>Prato Raso 28cm<\/p>\n<\/div>\n<\/div>\n","protected":false},"excerpt":{"rendered":"<p>Snow \u00e9 \u200b\u200buma cole\u00e7\u00e3o natural para ambientes delicados. O detalhe branco sobre o azul e o rosa destaca o lado feminino da cole\u00e7\u00e3o.<\/p>\n","protected":false},"featured_media":9111,"template":"","meta":[],"product_brand":[],"product_cat":[74],"product_tag":[],"class_list":{"0":"post-9107","1":"product","2":"type-product","3":"status-publish","4":"has-post-thumbnail","6":"product_cat-fapor-stoneware","8":"first","9":"instock","10":"shipping-taxable","11":"product-type-simple"},"_links":{"self":[{"href":"https:\/\/fapor.slideshow.com.pt\/index.php\/wp-json\/wp\/v2\/product\/9107","targetHints":{"allow":["GET"]}}],"collection":[{"href":"https:\/\/fapor.slideshow.com.pt\/index.php\/wp-json\/wp\/v2\/product"}],"about":[{"href":"https:\/\/fapor.slideshow.com.pt\/index.php\/wp-json\/wp\/v2\/types\/product"}],"wp:featuredmedia":[{"embeddable":true,"href":"https:\/\/fapor.slideshow.com.pt\/index.php\/wp-json\/wp\/v2\/media\/9111"}],"wp:attachment":[{"href":"https:\/\/fapor.slideshow.com.pt\/index.php\/wp-json\/wp\/v2\/media?parent=9107"}],"wp:term":[{"taxonomy":"product_brand","embeddable":true,"href":"https:\/\/fapor.slideshow.com.pt\/index.php\/wp-json\/wp\/v2\/product_brand?post=9107"},{"taxonomy":"product_cat","embeddable":true,"href":"https:\/\/fapor.slideshow.com.pt\/index.php\/wp-json\/wp\/v2\/product_cat?post=9107"},{"taxonomy":"product_tag","embeddable":true,"href":"https:\/\/fapor.slideshow.com.pt\/index.php\/wp-json\/wp\/v2\/product_tag?post=9107"}],"curies":[{"name":"wp","href":"https:\/\/api.w.org\/{rel}","templated":true}]}}