{"id":9118,"date":"2026-03-08T11:17:09","date_gmt":"2026-03-08T11:17:09","guid":{"rendered":"https:\/\/fapor.slideshow.com.pt\/?post_type=product&#038;p=9118"},"modified":"2026-03-08T11:19:14","modified_gmt":"2026-03-08T11:19:14","slug":"unveiled-azul","status":"publish","type":"product","link":"https:\/\/fapor.slideshow.com.pt\/index.php\/product\/unveiled-azul\/","title":{"rendered":"UNVEILED AZUL"},"content":{"rendered":"<h2 style=\"text-align: center;\">Cole\u00e7\u00e3o<\/h2>\n<div style=\"display: flex; flex-wrap: wrap; gap: 20px; justify-content: center;\">\n<div style=\"text-align: center;\"><a class=\"foobox\" href=\"https:\/\/fapor.slideshow.com.pt\/wp-content\/uploads\/2026\/03\/taca-cereal-3.jpg\"><br \/>\n<img decoding=\"async\" src=\"https:\/\/fapor.slideshow.com.pt\/wp-content\/uploads\/2026\/03\/taca-cereal-3-300x200.jpg\" width=\"300\" \/><br \/>\n<\/a>Ta\u00e7a Cereal<\/p>\n<\/div>\n<div style=\"text-align: center;\"><a class=\"foobox\" href=\"https:\/\/fapor.slideshow.com.pt\/wp-content\/uploads\/2026\/03\/chavena-3.jpg\"><br \/>\n<img decoding=\"async\" src=\"https:\/\/fapor.slideshow.com.pt\/wp-content\/uploads\/2026\/03\/chavena-3-300x200.jpg\" width=\"300\" \/><br \/>\n<\/a>Ch\u00e1vena<\/p>\n<\/div>\n<div style=\"text-align: center;\"><a class=\"foobox\" href=\"https:\/\/fapor.slideshow.com.pt\/wp-content\/uploads\/2026\/03\/jarra-18cm-1-1.jpg\"><br \/>\n<img decoding=\"async\" src=\"https:\/\/fapor.slideshow.com.pt\/wp-content\/uploads\/2026\/03\/jarra-18cm-1-1-300x200.jpg\" width=\"300\" \/><br \/>\n<\/a>Jarra 18cm<\/p>\n<\/div>\n<div style=\"text-align: center;\"><a class=\"foobox\" href=\"https:\/\/fapor.slideshow.com.pt\/wp-content\/uploads\/2026\/03\/prato-raso-28cm-4.jpg\"><br \/>\n<img decoding=\"async\" src=\"https:\/\/fapor.slideshow.com.pt\/wp-content\/uploads\/2026\/03\/prato-raso-28cm-4-300x200.jpg\" width=\"300\" \/><br \/>\n<\/a>Prato Raso 28cm<\/p>\n<\/div>\n<div style=\"text-align: center;\"><a class=\"foobox\" href=\"https:\/\/fapor.slideshow.com.pt\/wp-content\/uploads\/2026\/03\/prato-salada-22cm-4.jpg\"><br \/>\n<img decoding=\"async\" src=\"https:\/\/fapor.slideshow.com.pt\/wp-content\/uploads\/2026\/03\/prato-salada-22cm-4-300x200.jpg\" width=\"300\" \/><br \/>\n<\/a>Prato Salada 22cm<\/p>\n<\/div>\n<\/div>\n","protected":false},"excerpt":{"rendered":"<div class=\"woocommerce-product-details__short-description\">\n<p>Produzida Segundo os mais altos requisitos de qualidade,\u00a0<strong>Unveiled<\/strong>\u00a0\u00e9 ideal para uso di\u00e1rio e para surpreender em qualquer ocasi\u00e3o especial.<\/p>\n<p>Produzida em gr\u00e9s fino, cada pe\u00e7a \u00e9 vidrada a azul e subtilmente delineada por um reativo marfim.<\/p>\n<\/div>\n","protected":false},"featured_media":9125,"template":"","meta":[],"product_brand":[],"product_cat":[74],"product_tag":[],"class_list":{"0":"post-9118","1":"product","2":"type-product","3":"status-publish","4":"has-post-thumbnail","6":"product_cat-fapor-stoneware","8":"first","9":"instock","10":"shipping-taxable","11":"product-type-simple"},"_links":{"self":[{"href":"https:\/\/fapor.slideshow.com.pt\/index.php\/wp-json\/wp\/v2\/product\/9118","targetHints":{"allow":["GET"]}}],"collection":[{"href":"https:\/\/fapor.slideshow.com.pt\/index.php\/wp-json\/wp\/v2\/product"}],"about":[{"href":"https:\/\/fapor.slideshow.com.pt\/index.php\/wp-json\/wp\/v2\/types\/product"}],"wp:featuredmedia":[{"embeddable":true,"href":"https:\/\/fapor.slideshow.com.pt\/index.php\/wp-json\/wp\/v2\/media\/9125"}],"wp:attachment":[{"href":"https:\/\/fapor.slideshow.com.pt\/index.php\/wp-json\/wp\/v2\/media?parent=9118"}],"wp:term":[{"taxonomy":"product_brand","embeddable":true,"href":"https:\/\/fapor.slideshow.com.pt\/index.php\/wp-json\/wp\/v2\/product_brand?post=9118"},{"taxonomy":"product_cat","embeddable":true,"href":"https:\/\/fapor.slideshow.com.pt\/index.php\/wp-json\/wp\/v2\/product_cat?post=9118"},{"taxonomy":"product_tag","embeddable":true,"href":"https:\/\/fapor.slideshow.com.pt\/index.php\/wp-json\/wp\/v2\/product_tag?post=9118"}],"curies":[{"name":"wp","href":"https:\/\/api.w.org\/{rel}","templated":true}]}}