{"id":9175,"date":"2026-03-08T14:29:05","date_gmt":"2026-03-08T14:29:05","guid":{"rendered":"https:\/\/fapor.slideshow.com.pt\/?post_type=product&#038;p=9175"},"modified":"2026-03-08T14:29:43","modified_gmt":"2026-03-08T14:29:43","slug":"moonlight","status":"publish","type":"product","link":"https:\/\/fapor.slideshow.com.pt\/index.php\/product\/moonlight\/","title":{"rendered":"MOONLIGHT"},"content":{"rendered":"<h2 style=\"text-align: center;\">Cole\u00e7\u00e3o<\/h2>\n<div style=\"display: flex; flex-wrap: wrap; gap: 20px; justify-content: center;\">\n<div style=\"text-align: center;\"><a class=\"foobox\" href=\"https:\/\/fapor.slideshow.com.pt\/wp-content\/uploads\/2026\/03\/5794A-2048x1365-1.jpg\"><br \/>\n<img decoding=\"async\" src=\"https:\/\/fapor.slideshow.com.pt\/wp-content\/uploads\/2026\/03\/5794A-2048x1365-1-300x200.jpg\" width=\"300\" \/><br \/>\n<\/a>Modelo 5794A<\/div>\n<div style=\"text-align: center;\"><a class=\"foobox\" href=\"https:\/\/fapor.slideshow.com.pt\/wp-content\/uploads\/2026\/03\/5792A-1-2048x1365-1.jpg\"><br \/>\n<img decoding=\"async\" src=\"https:\/\/fapor.slideshow.com.pt\/wp-content\/uploads\/2026\/03\/5792A-1-2048x1365-1-300x200.jpg\" width=\"300\" \/><br \/>\n<\/a>Modelo 5792A<\/div>\n<div style=\"text-align: center;\"><a class=\"foobox\" href=\"https:\/\/fapor.slideshow.com.pt\/wp-content\/uploads\/2026\/03\/5791A-1-2048x1365-1.jpg\"><br \/>\n<img decoding=\"async\" src=\"https:\/\/fapor.slideshow.com.pt\/wp-content\/uploads\/2026\/03\/5791A-1-2048x1365-1-300x200.jpg\" width=\"300\" \/><br \/>\n<\/a>Modelo 5791A<\/div>\n<div style=\"text-align: center;\"><a class=\"foobox\" href=\"https:\/\/fapor.slideshow.com.pt\/wp-content\/uploads\/2026\/03\/1599A-1-2048x1365-1.jpg\"><br \/>\n<img decoding=\"async\" src=\"https:\/\/fapor.slideshow.com.pt\/wp-content\/uploads\/2026\/03\/1599A-1-2048x1365-1-300x200.jpg\" width=\"300\" \/><br \/>\n<\/a>Modelo 1599A<\/div>\n<div style=\"text-align: center;\"><a class=\"foobox\" href=\"https:\/\/fapor.slideshow.com.pt\/wp-content\/uploads\/2026\/03\/1597A-1-2048x1365-1.jpg\"><br \/>\n<img decoding=\"async\" src=\"https:\/\/fapor.slideshow.com.pt\/wp-content\/uploads\/2026\/03\/1597A-1-2048x1365-1-300x200.jpg\" width=\"300\" \/><br \/>\n<\/a>Modelo 1597A<\/div>\n<\/div>\n","protected":false},"excerpt":{"rendered":"<p>Moonlight cria um jogo de cores entre o azul e branco pintados \u00e0 m\u00e3o e o barro vermelho. Com formas org\u00e2nicas, \u00e9 ideal para criar um conjunto de mesa distinto.<\/p>\n","protected":false},"featured_media":9176,"template":"","meta":[],"product_brand":[],"product_cat":[71],"product_tag":[],"class_list":{"0":"post-9175","1":"product","2":"type-product","3":"status-publish","4":"has-post-thumbnail","6":"product_cat-fapor-redclay","8":"first","9":"instock","10":"shipping-taxable","11":"product-type-simple"},"_links":{"self":[{"href":"https:\/\/fapor.slideshow.com.pt\/index.php\/wp-json\/wp\/v2\/product\/9175","targetHints":{"allow":["GET"]}}],"collection":[{"href":"https:\/\/fapor.slideshow.com.pt\/index.php\/wp-json\/wp\/v2\/product"}],"about":[{"href":"https:\/\/fapor.slideshow.com.pt\/index.php\/wp-json\/wp\/v2\/types\/product"}],"wp:featuredmedia":[{"embeddable":true,"href":"https:\/\/fapor.slideshow.com.pt\/index.php\/wp-json\/wp\/v2\/media\/9176"}],"wp:attachment":[{"href":"https:\/\/fapor.slideshow.com.pt\/index.php\/wp-json\/wp\/v2\/media?parent=9175"}],"wp:term":[{"taxonomy":"product_brand","embeddable":true,"href":"https:\/\/fapor.slideshow.com.pt\/index.php\/wp-json\/wp\/v2\/product_brand?post=9175"},{"taxonomy":"product_cat","embeddable":true,"href":"https:\/\/fapor.slideshow.com.pt\/index.php\/wp-json\/wp\/v2\/product_cat?post=9175"},{"taxonomy":"product_tag","embeddable":true,"href":"https:\/\/fapor.slideshow.com.pt\/index.php\/wp-json\/wp\/v2\/product_tag?post=9175"}],"curies":[{"name":"wp","href":"https:\/\/api.w.org\/{rel}","templated":true}]}}