{"id":9210,"date":"2026-03-08T15:14:10","date_gmt":"2026-03-08T15:14:10","guid":{"rendered":"https:\/\/fapor.slideshow.com.pt\/?post_type=product&#038;p=9210"},"modified":"2026-03-08T15:14:59","modified_gmt":"2026-03-08T15:14:59","slug":"unlimited","status":"publish","type":"product","link":"https:\/\/fapor.slideshow.com.pt\/index.php\/product\/unlimited\/","title":{"rendered":"UNLIMITED"},"content":{"rendered":"<h2 style=\"text-align:center;\">Cole\u00e7\u00e3o<\/h2>\n<div style=\"display:flex; flex-wrap:wrap; gap:20px; justify-content:center;\">\n<div style=\"text-align:center;\">\n<a href=\"https:\/\/fapor.slideshow.com.pt\/wp-content\/uploads\/2026\/03\/individual_saladeira-35cm-2048x1365-1.jpg\" class=\"foobox\"><br \/>\n<img decoding=\"async\" src=\"https:\/\/fapor.slideshow.com.pt\/wp-content\/uploads\/2026\/03\/individual_saladeira-35cm-2048x1365-1-300x200.jpg\" width=\"300\"><br \/>\n<\/a><\/p>\n<p>Saladeira Individual 35cm<\/p>\n<\/div>\n<div style=\"text-align:center;\">\n<a href=\"https:\/\/fapor.slideshow.com.pt\/wp-content\/uploads\/2026\/03\/individual_saladeira-28cm-1-2048x1365-1.jpg\" class=\"foobox\"><br \/>\n<img decoding=\"async\" src=\"https:\/\/fapor.slideshow.com.pt\/wp-content\/uploads\/2026\/03\/individual_saladeira-28cm-1-2048x1365-1-300x200.jpg\" width=\"300\"><br \/>\n<\/a><\/p>\n<p>Saladeira Individual 28cm<\/p>\n<\/div>\n<\/div>\n","protected":false},"excerpt":{"rendered":"<p>Leve as suas refei\u00e7\u00f5es favoritas para a mesa com este conjunto contempor\u00e2neo de saladeiras.<\/p>\n","protected":false},"featured_media":9211,"template":"","meta":[],"product_brand":[],"product_cat":[71],"product_tag":[],"class_list":{"0":"post-9210","1":"product","2":"type-product","3":"status-publish","4":"has-post-thumbnail","6":"product_cat-fapor-redclay","8":"first","9":"instock","10":"shipping-taxable","11":"product-type-simple"},"_links":{"self":[{"href":"https:\/\/fapor.slideshow.com.pt\/index.php\/wp-json\/wp\/v2\/product\/9210","targetHints":{"allow":["GET"]}}],"collection":[{"href":"https:\/\/fapor.slideshow.com.pt\/index.php\/wp-json\/wp\/v2\/product"}],"about":[{"href":"https:\/\/fapor.slideshow.com.pt\/index.php\/wp-json\/wp\/v2\/types\/product"}],"wp:featuredmedia":[{"embeddable":true,"href":"https:\/\/fapor.slideshow.com.pt\/index.php\/wp-json\/wp\/v2\/media\/9211"}],"wp:attachment":[{"href":"https:\/\/fapor.slideshow.com.pt\/index.php\/wp-json\/wp\/v2\/media?parent=9210"}],"wp:term":[{"taxonomy":"product_brand","embeddable":true,"href":"https:\/\/fapor.slideshow.com.pt\/index.php\/wp-json\/wp\/v2\/product_brand?post=9210"},{"taxonomy":"product_cat","embeddable":true,"href":"https:\/\/fapor.slideshow.com.pt\/index.php\/wp-json\/wp\/v2\/product_cat?post=9210"},{"taxonomy":"product_tag","embeddable":true,"href":"https:\/\/fapor.slideshow.com.pt\/index.php\/wp-json\/wp\/v2\/product_tag?post=9210"}],"curies":[{"name":"wp","href":"https:\/\/api.w.org\/{rel}","templated":true}]}}